{"id":268,"date":"2023-04-12T09:24:14","date_gmt":"2023-04-12T07:24:14","guid":{"rendered":"https:\/\/new.psenak.eu\/?page_id=268"},"modified":"2023-04-13T12:52:22","modified_gmt":"2023-04-13T10:52:22","slug":"nahradne-diely","status":"publish","type":"page","link":"https:\/\/www.psenak.eu\/?page_id=268","title":{"rendered":"N\u00e1hradn\u00e9 diely"},"content":{"rendered":"\n<p class=\"has-medium-font-size\">Predaj n\u00e1hradn\u00fdch dielov na v\u0161etky typy motorov\u00fdch vozidiel.<\/p>\n\n\n\n<div class=\"wp-block-uagb-container uagb-block-2f6ec57e alignfull uagb-is-root-container\"><div class=\"uagb-container-inner-blocks-wrap\">\n<div class=\"wp-block-uagb-container uagb-block-e81857f2\">\t\t\t\t\t<div\n\t\t\t\t\t\tclass=\"wp-block-uagb-image-gallery uagb-block-af435f0f     \"\n\t\t\t\t\t\tstyle=\"\"\n\t\t\t\t\t>\n\t\t\t\t\t\t\t\t\t\t\t<div class=\"spectra-image-gallery spectra-image-gallery__layout--carousel\">\n\t\t\t\t\t\t\t\t<div class=\"uagb-slick-carousel uagb-block-af435f0f\">\n\t\t\t\t\t\t\t\t\t\t\t\t<div class='spectra-image-gallery__media-wrapper' data-spectra-gallery-image-id='303'>\n\t\t\t\t\t\t\t<div class=\"spectra-image-gallery__media spectra-image-gallery__media--carousel\">\n\t\t\t\t<picture>\n\t\t\t\t\t<source media=\"(min-width: 1024px)\" srcset=\"https:\/\/new.psenak.eu\/wp-content\/uploads\/2023\/04\/IMG_2141-1024x683.jpg\">\n\t\t\t\t\t<source media=\"(min-width: 768px)\" srcset=\"https:\/\/new.psenak.eu\/wp-content\/uploads\/2023\/04\/IMG_2141-1024x683.jpg\">\n\t\t\t\t\t<img decoding=\"async\" class=\"spectra-image-gallery__media-thumbnail spectra-image-gallery__media-thumbnail--carousel\" src=\"https:\/\/new.psenak.eu\/wp-content\/uploads\/2023\/04\/IMG_2141-300x200.jpg\" alt=\"\" loading=\"lazy\" \/>\n\t\t\t\t<\/picture>\n\t\t\t\t<div class=\"spectra-image-gallery__media-thumbnail-blurrer\"><\/div>\n\t\t\t\t\t\t\t\t\t\t\t<div class=\"spectra-image-gallery__media-thumbnail-caption-wrapper spectra-image-gallery__media-thumbnail-caption-wrapper--overlay\"><\/div>\n\t\t\t\t\t\t\t\t<\/div>\n\t\t\t\t\t\t<\/div>\n\t\t\t\t\t\t<div class='spectra-image-gallery__media-wrapper' data-spectra-gallery-image-id='285'>\n\t\t\t\t\t\t\t<div class=\"spectra-image-gallery__media spectra-image-gallery__media--carousel\">\n\t\t\t\t<picture>\n\t\t\t\t\t<source media=\"(min-width: 1024px)\" srcset=\"https:\/\/new.psenak.eu\/wp-content\/uploads\/2023\/04\/IMG_1127-620x402-2.jpg\">\n\t\t\t\t\t<source media=\"(min-width: 768px)\" srcset=\"https:\/\/new.psenak.eu\/wp-content\/uploads\/2023\/04\/IMG_1127-620x402-2.jpg\">\n\t\t\t\t\t<img decoding=\"async\" class=\"spectra-image-gallery__media-thumbnail spectra-image-gallery__media-thumbnail--carousel\" src=\"https:\/\/new.psenak.eu\/wp-content\/uploads\/2023\/04\/IMG_1127-620x402-2-300x195.jpg\" alt=\"\" loading=\"lazy\" \/>\n\t\t\t\t<\/picture>\n\t\t\t\t<div class=\"spectra-image-gallery__media-thumbnail-blurrer\"><\/div>\n\t\t\t\t\t\t\t\t\t\t\t<div class=\"spectra-image-gallery__media-thumbnail-caption-wrapper spectra-image-gallery__media-thumbnail-caption-wrapper--overlay\"><\/div>\n\t\t\t\t\t\t\t\t<\/div>\n\t\t\t\t\t\t<\/div>\n\t\t\t\t\t\t<div class='spectra-image-gallery__media-wrapper' data-spectra-gallery-image-id='125'>\n\t\t\t\t\t\t\t<div class=\"spectra-image-gallery__media spectra-image-gallery__media--carousel\">\n\t\t\t\t<picture>\n\t\t\t\t\t<source media=\"(min-width: 1024px)\" srcset=\"https:\/\/new.psenak.eu\/wp-content\/uploads\/2023\/03\/ndiely.jpg\">\n\t\t\t\t\t<source media=\"(min-width: 768px)\" srcset=\"https:\/\/new.psenak.eu\/wp-content\/uploads\/2023\/03\/ndiely.jpg\">\n\t\t\t\t\t<img decoding=\"async\" class=\"spectra-image-gallery__media-thumbnail spectra-image-gallery__media-thumbnail--carousel\" src=\"https:\/\/new.psenak.eu\/wp-content\/uploads\/2023\/03\/ndiely-300x188.jpg\" alt=\"\" loading=\"lazy\" \/>\n\t\t\t\t<\/picture>\n\t\t\t\t<div class=\"spectra-image-gallery__media-thumbnail-blurrer\"><\/div>\n\t\t\t\t\t\t\t\t\t\t\t<div class=\"spectra-image-gallery__media-thumbnail-caption-wrapper spectra-image-gallery__media-thumbnail-caption-wrapper--overlay\"><\/div>\n\t\t\t\t\t\t\t\t<\/div>\n\t\t\t\t\t\t<\/div>\n\t\t\t\t\t\t\t\t\t\t\t<\/div>\n\t\t\t\t\t\t\t<\/div>\n\t\t\t\t\t\t\t\t\t\t\t<\/div>\n\t\t\t\t\t\t\t\t\t<\/div>\n\n\n\n<div class=\"wp-block-uagb-container uagb-block-01e7470a\">\n<p class=\"has-medium-font-size\"><strong>Pon\u00fakame kompletn\u00fd sortiment dielov. Spolupracujem s viacer\u00fdmi dodavate\u013emi, v\u010faka \u010domu m\u00f4\u017eeme zaisti\u0165 kvalitn\u00e9 a napriek tomu lacn\u00e9 autodiely od \u0161irokej \u0161k\u00e1ly v\u00fdrobcov.<\/strong><\/p>\n<\/div>\n<\/div><\/div>\n","protected":false},"excerpt":{"rendered":"<p>Predaj n\u00e1hradn\u00fdch dielov na v\u0161etky typy motorov\u00fdch vozidiel.<\/p>\n","protected":false},"author":1,"featured_media":0,"parent":0,"menu_order":0,"comment_status":"closed","ping_status":"closed","template":"","meta":{"_uag_custom_page_level_css":"","_mi_skip_tracking":false},"yoast_head":"<!-- This site is optimized with the Yoast SEO plugin v20.3 - https:\/\/yoast.com\/wordpress\/plugins\/seo\/ -->\n<title>N\u00e1hradn\u00e9 diely - Autoservis P\u0161en\u00e1k<\/title>\n<meta name=\"robots\" content=\"index, follow, max-snippet:-1, max-image-preview:large, max-video-preview:-1\" \/>\n<link rel=\"canonical\" href=\"https:\/\/www.psenak.eu\/?page_id=268\" \/>\n<meta property=\"og:locale\" content=\"sk_SK\" \/>\n<meta property=\"og:type\" content=\"article\" \/>\n<meta property=\"og:title\" content=\"N\u00e1hradn\u00e9 diely - Autoservis P\u0161en\u00e1k\" \/>\n<meta property=\"og:description\" content=\"Predaj n\u00e1hradn\u00fdch dielov na v\u0161etky typy motorov\u00fdch vozidiel.\" \/>\n<meta property=\"og:url\" content=\"https:\/\/www.psenak.eu\/?page_id=268\" \/>\n<meta property=\"og:site_name\" content=\"Autoservis P\u0161en\u00e1k\" \/>\n<meta property=\"article:modified_time\" content=\"2023-04-13T10:52:22+00:00\" \/>\n<meta name=\"twitter:card\" content=\"summary_large_image\" \/>\n<meta name=\"twitter:label1\" content=\"Est. reading time\" \/>\n\t<meta name=\"twitter:data1\" content=\"1 min\u00fata\" \/>\n<script type=\"application\/ld+json\" class=\"yoast-schema-graph\">{\"@context\":\"https:\/\/schema.org\",\"@graph\":[{\"@type\":\"WebPage\",\"@id\":\"https:\/\/www.psenak.eu\/?page_id=268\",\"url\":\"https:\/\/www.psenak.eu\/?page_id=268\",\"name\":\"N\u00e1hradn\u00e9 diely - Autoservis P\u0161en\u00e1k\",\"isPartOf\":{\"@id\":\"https:\/\/www.psenak.eu\/#website\"},\"datePublished\":\"2023-04-12T07:24:14+00:00\",\"dateModified\":\"2023-04-13T10:52:22+00:00\",\"breadcrumb\":{\"@id\":\"https:\/\/www.psenak.eu\/?page_id=268#breadcrumb\"},\"inLanguage\":\"sk-SK\",\"potentialAction\":[{\"@type\":\"ReadAction\",\"target\":[\"https:\/\/www.psenak.eu\/?page_id=268\"]}]},{\"@type\":\"BreadcrumbList\",\"@id\":\"https:\/\/www.psenak.eu\/?page_id=268#breadcrumb\",\"itemListElement\":[{\"@type\":\"ListItem\",\"position\":1,\"name\":\"Home\",\"item\":\"https:\/\/www.psenak.eu\/\"},{\"@type\":\"ListItem\",\"position\":2,\"name\":\"N\u00e1hradn\u00e9 diely\"}]},{\"@type\":\"WebSite\",\"@id\":\"https:\/\/www.psenak.eu\/#website\",\"url\":\"https:\/\/www.psenak.eu\/\",\"name\":\"Autoservis P\u0161en\u00e1k\",\"description\":\"Your car service tel: +421 917 167 418 e-mail: psenakdusan@gmail.com\",\"publisher\":{\"@id\":\"https:\/\/www.psenak.eu\/#organization\"},\"potentialAction\":[{\"@type\":\"SearchAction\",\"target\":{\"@type\":\"EntryPoint\",\"urlTemplate\":\"https:\/\/www.psenak.eu\/?s={search_term_string}\"},\"query-input\":\"required name=search_term_string\"}],\"inLanguage\":\"sk-SK\"},{\"@type\":\"Organization\",\"@id\":\"https:\/\/www.psenak.eu\/#organization\",\"name\":\"Autoservis P\u0161en\u00e1k\",\"url\":\"https:\/\/www.psenak.eu\/\",\"logo\":{\"@type\":\"ImageObject\",\"inLanguage\":\"sk-SK\",\"@id\":\"https:\/\/www.psenak.eu\/#\/schema\/logo\/image\/\",\"url\":\"https:\/\/www.psenak.eu\/wp-content\/uploads\/2023\/03\/logo.png\",\"contentUrl\":\"https:\/\/www.psenak.eu\/wp-content\/uploads\/2023\/03\/logo.png\",\"width\":156,\"height\":40,\"caption\":\"Autoservis P\u0161en\u00e1k\"},\"image\":{\"@id\":\"https:\/\/www.psenak.eu\/#\/schema\/logo\/image\/\"}}]}<\/script>\n<!-- \/ Yoast SEO plugin. -->","yoast_head_json":{"title":"N\u00e1hradn\u00e9 diely - Autoservis P\u0161en\u00e1k","robots":{"index":"index","follow":"follow","max-snippet":"max-snippet:-1","max-image-preview":"max-image-preview:large","max-video-preview":"max-video-preview:-1"},"canonical":"https:\/\/www.psenak.eu\/?page_id=268","og_locale":"sk_SK","og_type":"article","og_title":"N\u00e1hradn\u00e9 diely - Autoservis P\u0161en\u00e1k","og_description":"Predaj n\u00e1hradn\u00fdch dielov na v\u0161etky typy motorov\u00fdch vozidiel.","og_url":"https:\/\/www.psenak.eu\/?page_id=268","og_site_name":"Autoservis P\u0161en\u00e1k","article_modified_time":"2023-04-13T10:52:22+00:00","twitter_card":"summary_large_image","twitter_misc":{"Est. reading time":"1 min\u00fata"},"schema":{"@context":"https:\/\/schema.org","@graph":[{"@type":"WebPage","@id":"https:\/\/www.psenak.eu\/?page_id=268","url":"https:\/\/www.psenak.eu\/?page_id=268","name":"N\u00e1hradn\u00e9 diely - Autoservis P\u0161en\u00e1k","isPartOf":{"@id":"https:\/\/www.psenak.eu\/#website"},"datePublished":"2023-04-12T07:24:14+00:00","dateModified":"2023-04-13T10:52:22+00:00","breadcrumb":{"@id":"https:\/\/www.psenak.eu\/?page_id=268#breadcrumb"},"inLanguage":"sk-SK","potentialAction":[{"@type":"ReadAction","target":["https:\/\/www.psenak.eu\/?page_id=268"]}]},{"@type":"BreadcrumbList","@id":"https:\/\/www.psenak.eu\/?page_id=268#breadcrumb","itemListElement":[{"@type":"ListItem","position":1,"name":"Home","item":"https:\/\/www.psenak.eu\/"},{"@type":"ListItem","position":2,"name":"N\u00e1hradn\u00e9 diely"}]},{"@type":"WebSite","@id":"https:\/\/www.psenak.eu\/#website","url":"https:\/\/www.psenak.eu\/","name":"Autoservis P\u0161en\u00e1k","description":"Your car service tel: +421 917 167 418 e-mail: psenakdusan@gmail.com","publisher":{"@id":"https:\/\/www.psenak.eu\/#organization"},"potentialAction":[{"@type":"SearchAction","target":{"@type":"EntryPoint","urlTemplate":"https:\/\/www.psenak.eu\/?s={search_term_string}"},"query-input":"required name=search_term_string"}],"inLanguage":"sk-SK"},{"@type":"Organization","@id":"https:\/\/www.psenak.eu\/#organization","name":"Autoservis P\u0161en\u00e1k","url":"https:\/\/www.psenak.eu\/","logo":{"@type":"ImageObject","inLanguage":"sk-SK","@id":"https:\/\/www.psenak.eu\/#\/schema\/logo\/image\/","url":"https:\/\/www.psenak.eu\/wp-content\/uploads\/2023\/03\/logo.png","contentUrl":"https:\/\/www.psenak.eu\/wp-content\/uploads\/2023\/03\/logo.png","width":156,"height":40,"caption":"Autoservis P\u0161en\u00e1k"},"image":{"@id":"https:\/\/www.psenak.eu\/#\/schema\/logo\/image\/"}}]}},"uagb_featured_image_src":{"full":false,"thumbnail":false,"medium":false,"medium_large":false,"large":false,"1536x1536":false,"2048x2048":false,"post-thumbnail":false,"refur-sticky":false,"refur-showcase":false},"uagb_author_info":{"display_name":"admin","author_link":"https:\/\/www.psenak.eu\/?author=1"},"uagb_comment_info":0,"uagb_excerpt":"Predaj n\u00e1hradn\u00fdch dielov na v\u0161etky typy motorov\u00fdch vozidiel.","_links":{"self":[{"href":"https:\/\/www.psenak.eu\/index.php?rest_route=\/wp\/v2\/pages\/268"}],"collection":[{"href":"https:\/\/www.psenak.eu\/index.php?rest_route=\/wp\/v2\/pages"}],"about":[{"href":"https:\/\/www.psenak.eu\/index.php?rest_route=\/wp\/v2\/types\/page"}],"author":[{"embeddable":true,"href":"https:\/\/www.psenak.eu\/index.php?rest_route=\/wp\/v2\/users\/1"}],"replies":[{"embeddable":true,"href":"https:\/\/www.psenak.eu\/index.php?rest_route=%2Fwp%2Fv2%2Fcomments&post=268"}],"version-history":[{"count":6,"href":"https:\/\/www.psenak.eu\/index.php?rest_route=\/wp\/v2\/pages\/268\/revisions"}],"predecessor-version":[{"id":306,"href":"https:\/\/www.psenak.eu\/index.php?rest_route=\/wp\/v2\/pages\/268\/revisions\/306"}],"wp:attachment":[{"href":"https:\/\/www.psenak.eu\/index.php?rest_route=%2Fwp%2Fv2%2Fmedia&parent=268"}],"curies":[{"name":"wp","href":"https:\/\/api.w.org\/{rel}","templated":true}]}}