{"id":110,"date":"2023-03-23T14:00:33","date_gmt":"2023-03-23T13:00:33","guid":{"rendered":"https:\/\/new.psenak.eu\/?page_id=110"},"modified":"2023-04-14T12:18:13","modified_gmt":"2023-04-14T10:18:13","slug":"110-2","status":"publish","type":"page","link":"https:\/\/www.psenak.eu\/?page_id=110","title":{"rendered":"Nap\u00ed\u0161te n\u00e1m"},"content":{"rendered":"\n<div class=\"wp-block-uagb-container uagb-block-77362bfc alignfull uagb-is-root-container\"><div class=\"uagb-container-inner-blocks-wrap\">\n<div class=\"wp-block-uagb-container uagb-block-f6e9a982\">\n<figure class=\"wp-block-image size-large\"><img decoding=\"async\" loading=\"lazy\" width=\"1024\" height=\"681\" src=\"https:\/\/new.psenak.eu\/wp-content\/uploads\/2023\/03\/car-engine-motor-clean-1548434-1024x681.jpg\" alt=\"car engine, motor, clean-1548434.jpg\" class=\"wp-image-71\" srcset=\"https:\/\/www.psenak.eu\/wp-content\/uploads\/2023\/03\/car-engine-motor-clean-1548434-1024x681.jpg 1024w, https:\/\/www.psenak.eu\/wp-content\/uploads\/2023\/03\/car-engine-motor-clean-1548434-300x199.jpg 300w, https:\/\/www.psenak.eu\/wp-content\/uploads\/2023\/03\/car-engine-motor-clean-1548434-768x511.jpg 768w, https:\/\/www.psenak.eu\/wp-content\/uploads\/2023\/03\/car-engine-motor-clean-1548434.jpg 1280w\" sizes=\"(max-width: 1024px) 100vw, 1024px\" \/><\/figure>\n<\/div>\n\n\n\n<div class=\"wp-block-uagb-container uagb-block-d2d01014\">\n<div class=\"wp-block-uagb-forms uagb-forms__outer-wrap uagb-block-58f17840 uagb-forms__medium-btn\"><form class=\"uagb-forms-main-form\" method=\"post\" autocomplete=\"on\" name=\"uagb-form-58f17840\">\n<div class=\"wp-block-uagb-forms-name uagb-forms-name-wrap uagb-forms-field-set uagb-block-2c4febdb\"><div class=\"uagb-forms-name-label required uagb-forms-input-label\" id=\"2c4febdb\">Meno<\/div><input type=\"text\" placeholder=\"Jo\u017eko\" required class=\"uagb-forms-name-input uagb-forms-input\" name=\"2c4febdb\" autocomplete=\"given-name\"\/><\/div>\n\n\n\n<div class=\"wp-block-uagb-forms-name uagb-forms-name-wrap uagb-forms-field-set uagb-block-a46122d5\"><div class=\"uagb-forms-name-label required uagb-forms-input-label\" id=\"a46122d5\">Priezvisko<\/div><input type=\"text\" placeholder=\"Mrkvi\u010dka\" required class=\"uagb-forms-name-input uagb-forms-input\" name=\"a46122d5\" autocomplete=\"family-name\"\/><\/div>\n\n\n\n<div class=\"wp-block-uagb-forms-email uagb-forms-email-wrap uagb-forms-field-set uagb-block-dd128d21\"><div class=\"uagb-forms-email-label required uagb-forms-input-label\" id=\"dd128d21\">Email<\/div><input type=\"email\" class=\"uagb-forms-email-input uagb-forms-input\" placeholder=\"example@mail.com\" required name=\"dd128d21\" autocomplete=\"email\"\/><\/div>\n\n\n\n<div class=\"wp-block-uagb-forms-textarea uagb-forms-textarea-wrap uagb-forms-field-set uagb-block-1e5e89fe\"><div class=\"uagb-forms-textarea-label required uagb-forms-input-label\" id=\"1e5e89fe\">Spr\u00e1va<\/div><textarea required class=\"uagb-forms-textarea-input uagb-forms-input\" rows=\"4\" placeholder=\"Nap\u00ed\u0161te svoju spr\u00e1vu\" name=\"1e5e89fe\" autocomplete=\"off\"><\/textarea><\/div>\n<div class=\"uagb-forms-form-hidden-data\"><input type=\"hidden\" class=\"uagb_forms_form_label\" value=\"Spectra Form\"\/><input type=\"hidden\" class=\"uagb_forms_form_id\" value=\"uagb-form-58f17840\"\/><\/div><div class=\"uagb-form-reacaptcha-error-58f17840\"><\/div><div class=\"uagb-forms-main-submit-button-wrap wp-block-button\"><button class=\"uagb-forms-main-submit-button wp-block-button__link\"><div class=\"uagb-forms-main-submit-button-text\">Odosla\u0165<\/div><\/button><\/div><\/form><div class=\"uagb-forms-success-message-58f17840 uagb-forms-submit-message-hide\"><span>Spr\u00e1va bola \u00faspe\u0161ne odoslan\u00e1!<\/span><\/div><div class=\"uagb-forms-failed-message-58f17840 uagb-forms-submit-message-hide\"><span>There has been some error while submitting the form. Please verify all form fields again.<\/span><\/div><\/div>\n<\/div>\n<\/div><\/div>\n","protected":false},"excerpt":{"rendered":"","protected":false},"author":1,"featured_media":0,"parent":0,"menu_order":0,"comment_status":"closed","ping_status":"closed","template":"","meta":{"_uag_custom_page_level_css":"","_mi_skip_tracking":false},"yoast_head":"<!-- This site is optimized with the Yoast SEO plugin v20.3 - https:\/\/yoast.com\/wordpress\/plugins\/seo\/ -->\n<title>Nap\u00ed\u0161te n\u00e1m - Autoservis P\u0161en\u00e1k<\/title>\n<meta name=\"robots\" content=\"index, follow, max-snippet:-1, max-image-preview:large, max-video-preview:-1\" \/>\n<link rel=\"canonical\" href=\"https:\/\/www.psenak.eu\/?page_id=110\" \/>\n<meta property=\"og:locale\" content=\"sk_SK\" \/>\n<meta property=\"og:type\" content=\"article\" \/>\n<meta property=\"og:title\" content=\"Nap\u00ed\u0161te n\u00e1m - Autoservis P\u0161en\u00e1k\" \/>\n<meta property=\"og:url\" content=\"https:\/\/www.psenak.eu\/?page_id=110\" \/>\n<meta property=\"og:site_name\" content=\"Autoservis P\u0161en\u00e1k\" \/>\n<meta property=\"article:modified_time\" content=\"2023-04-14T10:18:13+00:00\" \/>\n<meta property=\"og:image\" content=\"https:\/\/new.psenak.eu\/wp-content\/uploads\/2023\/03\/car-engine-motor-clean-1548434-1024x681.jpg\" \/>\n<meta name=\"twitter:card\" content=\"summary_large_image\" \/>\n<meta name=\"twitter:label1\" content=\"Est. reading time\" \/>\n\t<meta name=\"twitter:data1\" content=\"1 min\u00fata\" \/>\n<script type=\"application\/ld+json\" class=\"yoast-schema-graph\">{\"@context\":\"https:\/\/schema.org\",\"@graph\":[{\"@type\":\"WebPage\",\"@id\":\"https:\/\/www.psenak.eu\/?page_id=110\",\"url\":\"https:\/\/www.psenak.eu\/?page_id=110\",\"name\":\"Nap\u00ed\u0161te n\u00e1m - Autoservis P\u0161en\u00e1k\",\"isPartOf\":{\"@id\":\"https:\/\/www.psenak.eu\/#website\"},\"datePublished\":\"2023-03-23T13:00:33+00:00\",\"dateModified\":\"2023-04-14T10:18:13+00:00\",\"breadcrumb\":{\"@id\":\"https:\/\/www.psenak.eu\/?page_id=110#breadcrumb\"},\"inLanguage\":\"sk-SK\",\"potentialAction\":[{\"@type\":\"ReadAction\",\"target\":[\"https:\/\/www.psenak.eu\/?page_id=110\"]}]},{\"@type\":\"BreadcrumbList\",\"@id\":\"https:\/\/www.psenak.eu\/?page_id=110#breadcrumb\",\"itemListElement\":[{\"@type\":\"ListItem\",\"position\":1,\"name\":\"Home\",\"item\":\"https:\/\/www.psenak.eu\/\"},{\"@type\":\"ListItem\",\"position\":2,\"name\":\"Nap\u00ed\u0161te n\u00e1m\"}]},{\"@type\":\"WebSite\",\"@id\":\"https:\/\/www.psenak.eu\/#website\",\"url\":\"https:\/\/www.psenak.eu\/\",\"name\":\"Autoservis P\u0161en\u00e1k\",\"description\":\"Your car service tel: +421 917 167 418 e-mail: psenakdusan@gmail.com\",\"publisher\":{\"@id\":\"https:\/\/www.psenak.eu\/#organization\"},\"potentialAction\":[{\"@type\":\"SearchAction\",\"target\":{\"@type\":\"EntryPoint\",\"urlTemplate\":\"https:\/\/www.psenak.eu\/?s={search_term_string}\"},\"query-input\":\"required name=search_term_string\"}],\"inLanguage\":\"sk-SK\"},{\"@type\":\"Organization\",\"@id\":\"https:\/\/www.psenak.eu\/#organization\",\"name\":\"Autoservis P\u0161en\u00e1k\",\"url\":\"https:\/\/www.psenak.eu\/\",\"logo\":{\"@type\":\"ImageObject\",\"inLanguage\":\"sk-SK\",\"@id\":\"https:\/\/www.psenak.eu\/#\/schema\/logo\/image\/\",\"url\":\"https:\/\/www.psenak.eu\/wp-content\/uploads\/2023\/03\/logo.png\",\"contentUrl\":\"https:\/\/www.psenak.eu\/wp-content\/uploads\/2023\/03\/logo.png\",\"width\":156,\"height\":40,\"caption\":\"Autoservis P\u0161en\u00e1k\"},\"image\":{\"@id\":\"https:\/\/www.psenak.eu\/#\/schema\/logo\/image\/\"}}]}<\/script>\n<!-- \/ Yoast SEO plugin. -->","yoast_head_json":{"title":"Nap\u00ed\u0161te n\u00e1m - Autoservis P\u0161en\u00e1k","robots":{"index":"index","follow":"follow","max-snippet":"max-snippet:-1","max-image-preview":"max-image-preview:large","max-video-preview":"max-video-preview:-1"},"canonical":"https:\/\/www.psenak.eu\/?page_id=110","og_locale":"sk_SK","og_type":"article","og_title":"Nap\u00ed\u0161te n\u00e1m - Autoservis P\u0161en\u00e1k","og_url":"https:\/\/www.psenak.eu\/?page_id=110","og_site_name":"Autoservis P\u0161en\u00e1k","article_modified_time":"2023-04-14T10:18:13+00:00","og_image":[{"url":"https:\/\/new.psenak.eu\/wp-content\/uploads\/2023\/03\/car-engine-motor-clean-1548434-1024x681.jpg"}],"twitter_card":"summary_large_image","twitter_misc":{"Est. reading time":"1 min\u00fata"},"schema":{"@context":"https:\/\/schema.org","@graph":[{"@type":"WebPage","@id":"https:\/\/www.psenak.eu\/?page_id=110","url":"https:\/\/www.psenak.eu\/?page_id=110","name":"Nap\u00ed\u0161te n\u00e1m - Autoservis P\u0161en\u00e1k","isPartOf":{"@id":"https:\/\/www.psenak.eu\/#website"},"datePublished":"2023-03-23T13:00:33+00:00","dateModified":"2023-04-14T10:18:13+00:00","breadcrumb":{"@id":"https:\/\/www.psenak.eu\/?page_id=110#breadcrumb"},"inLanguage":"sk-SK","potentialAction":[{"@type":"ReadAction","target":["https:\/\/www.psenak.eu\/?page_id=110"]}]},{"@type":"BreadcrumbList","@id":"https:\/\/www.psenak.eu\/?page_id=110#breadcrumb","itemListElement":[{"@type":"ListItem","position":1,"name":"Home","item":"https:\/\/www.psenak.eu\/"},{"@type":"ListItem","position":2,"name":"Nap\u00ed\u0161te n\u00e1m"}]},{"@type":"WebSite","@id":"https:\/\/www.psenak.eu\/#website","url":"https:\/\/www.psenak.eu\/","name":"Autoservis P\u0161en\u00e1k","description":"Your car service tel: +421 917 167 418 e-mail: psenakdusan@gmail.com","publisher":{"@id":"https:\/\/www.psenak.eu\/#organization"},"potentialAction":[{"@type":"SearchAction","target":{"@type":"EntryPoint","urlTemplate":"https:\/\/www.psenak.eu\/?s={search_term_string}"},"query-input":"required name=search_term_string"}],"inLanguage":"sk-SK"},{"@type":"Organization","@id":"https:\/\/www.psenak.eu\/#organization","name":"Autoservis P\u0161en\u00e1k","url":"https:\/\/www.psenak.eu\/","logo":{"@type":"ImageObject","inLanguage":"sk-SK","@id":"https:\/\/www.psenak.eu\/#\/schema\/logo\/image\/","url":"https:\/\/www.psenak.eu\/wp-content\/uploads\/2023\/03\/logo.png","contentUrl":"https:\/\/www.psenak.eu\/wp-content\/uploads\/2023\/03\/logo.png","width":156,"height":40,"caption":"Autoservis P\u0161en\u00e1k"},"image":{"@id":"https:\/\/www.psenak.eu\/#\/schema\/logo\/image\/"}}]}},"uagb_featured_image_src":{"full":false,"thumbnail":false,"medium":false,"medium_large":false,"large":false,"1536x1536":false,"2048x2048":false,"post-thumbnail":false,"refur-sticky":false,"refur-showcase":false},"uagb_author_info":{"display_name":"admin","author_link":"https:\/\/www.psenak.eu\/?author=1"},"uagb_comment_info":0,"uagb_excerpt":null,"_links":{"self":[{"href":"https:\/\/www.psenak.eu\/index.php?rest_route=\/wp\/v2\/pages\/110"}],"collection":[{"href":"https:\/\/www.psenak.eu\/index.php?rest_route=\/wp\/v2\/pages"}],"about":[{"href":"https:\/\/www.psenak.eu\/index.php?rest_route=\/wp\/v2\/types\/page"}],"author":[{"embeddable":true,"href":"https:\/\/www.psenak.eu\/index.php?rest_route=\/wp\/v2\/users\/1"}],"replies":[{"embeddable":true,"href":"https:\/\/www.psenak.eu\/index.php?rest_route=%2Fwp%2Fv2%2Fcomments&post=110"}],"version-history":[{"count":6,"href":"https:\/\/www.psenak.eu\/index.php?rest_route=\/wp\/v2\/pages\/110\/revisions"}],"predecessor-version":[{"id":393,"href":"https:\/\/www.psenak.eu\/index.php?rest_route=\/wp\/v2\/pages\/110\/revisions\/393"}],"wp:attachment":[{"href":"https:\/\/www.psenak.eu\/index.php?rest_route=%2Fwp%2Fv2%2Fmedia&parent=110"}],"curies":[{"name":"wp","href":"https:\/\/api.w.org\/{rel}","templated":true}]}}